{"id":1030,"date":"2023-01-24T14:15:44","date_gmt":"2023-01-24T14:15:44","guid":{"rendered":"http:\/\/mercycenterbro.wpengine.com\/?page_id=1030"},"modified":"2025-06-05T13:44:29","modified_gmt":"2025-06-05T13:44:29","slug":"education-des-adultes-et-developpement-de-la-main-doeuvre","status":"publish","type":"page","link":"https:\/\/mercycenterbronx.org\/fr\/ce-que-nous-faisons\/education-des-adultes-et-developpement-de-la-main-doeuvre\/","title":{"rendered":"\u00c9ducation des adultes et d\u00e9veloppement de la main-d&rsquo;\u0153uvre"},"content":{"rendered":"","protected":false},"excerpt":{"rendered":"","protected":false},"author":1,"featured_media":2691,"parent":993,"menu_order":0,"comment_status":"closed","ping_status":"closed","template":"templates\/page-service.php","meta":{"_acf_changed":true,"inline_featured_image":false,"_uag_custom_page_level_css":"","footnotes":""},"class_list":["post-1030","page","type-page","status-publish","has-post-thumbnail","hentry"],"acf":[],"yoast_head":"<!-- This site is optimized with the Yoast SEO plugin v27.5 - https:\/\/yoast.com\/product\/yoast-seo-wordpress\/ -->\n<title>\u00c9ducation des adultes et d\u00e9veloppement de la main-d&#039;\u0153uvre - Mercy Center<\/title>\n<meta name=\"robots\" content=\"index, follow, max-snippet:-1, max-image-preview:large, max-video-preview:-1\" \/>\n<link rel=\"canonical\" href=\"https:\/\/mercycenterbronx.org\/fr\/ce-que-nous-faisons\/education-des-adultes-et-developpement-de-la-main-doeuvre\/\" \/>\n<meta property=\"og:locale\" content=\"fr_FR\" \/>\n<meta property=\"og:type\" content=\"article\" \/>\n<meta property=\"og:title\" content=\"\u00c9ducation des adultes et d\u00e9veloppement de la main-d&#039;\u0153uvre - Mercy Center\" \/>\n<meta property=\"og:url\" content=\"https:\/\/mercycenterbronx.org\/fr\/ce-que-nous-faisons\/education-des-adultes-et-developpement-de-la-main-doeuvre\/\" \/>\n<meta property=\"og:site_name\" content=\"Mercy Center\" \/>\n<meta property=\"article:publisher\" content=\"https:\/\/www.facebook.com\/MercyCenterBronx\/\" \/>\n<meta property=\"article:modified_time\" content=\"2025-06-05T13:44:29+00:00\" \/>\n<meta property=\"og:image\" content=\"https:\/\/mercycenterbronx.org\/wp-content\/uploads\/2025\/05\/Screenshot-2025-05-29-143036-e1749130957681.png\" \/>\n\t<meta property=\"og:image:width\" content=\"1601\" \/>\n\t<meta property=\"og:image:height\" content=\"905\" \/>\n\t<meta property=\"og:image:type\" content=\"image\/png\" \/>\n<meta name=\"twitter:card\" content=\"summary_large_image\" \/>\n<meta name=\"twitter:site\" content=\"@MercyCenterBrnx\" \/>\n<meta name=\"twitter:label1\" content=\"Dur\u00e9e de lecture estim\u00e9e\" \/>\n\t<meta name=\"twitter:data1\" content=\"1 minute\" \/>\n<script type=\"application\/ld+json\" class=\"yoast-schema-graph\">{\"@context\":\"https:\\\/\\\/schema.org\",\"@graph\":[{\"@type\":\"WebPage\",\"@id\":\"https:\\\/\\\/mercycenterbronx.org\\\/fr\\\/ce-que-nous-faisons\\\/education-des-adultes-et-developpement-de-la-main-doeuvre\\\/\",\"url\":\"https:\\\/\\\/mercycenterbronx.org\\\/fr\\\/ce-que-nous-faisons\\\/education-des-adultes-et-developpement-de-la-main-doeuvre\\\/\",\"name\":\"\u00c9ducation des adultes et d\u00e9veloppement de la main-d'\u0153uvre - Mercy Center\",\"isPartOf\":{\"@id\":\"https:\\\/\\\/mercycenterbronx.org\\\/fr\\\/#website\"},\"primaryImageOfPage\":{\"@id\":\"https:\\\/\\\/mercycenterbronx.org\\\/fr\\\/ce-que-nous-faisons\\\/education-des-adultes-et-developpement-de-la-main-doeuvre\\\/#primaryimage\"},\"image\":{\"@id\":\"https:\\\/\\\/mercycenterbronx.org\\\/fr\\\/ce-que-nous-faisons\\\/education-des-adultes-et-developpement-de-la-main-doeuvre\\\/#primaryimage\"},\"thumbnailUrl\":\"https:\\\/\\\/mercycenterbronx.org\\\/wp-content\\\/uploads\\\/2025\\\/05\\\/Screenshot-2025-05-29-143036-e1749130957681.png\",\"datePublished\":\"2023-01-24T14:15:44+00:00\",\"dateModified\":\"2025-06-05T13:44:29+00:00\",\"breadcrumb\":{\"@id\":\"https:\\\/\\\/mercycenterbronx.org\\\/fr\\\/ce-que-nous-faisons\\\/education-des-adultes-et-developpement-de-la-main-doeuvre\\\/#breadcrumb\"},\"inLanguage\":\"fr-FR\",\"potentialAction\":[{\"@type\":\"ReadAction\",\"target\":[\"https:\\\/\\\/mercycenterbronx.org\\\/fr\\\/ce-que-nous-faisons\\\/education-des-adultes-et-developpement-de-la-main-doeuvre\\\/\"]}]},{\"@type\":\"ImageObject\",\"inLanguage\":\"fr-FR\",\"@id\":\"https:\\\/\\\/mercycenterbronx.org\\\/fr\\\/ce-que-nous-faisons\\\/education-des-adultes-et-developpement-de-la-main-doeuvre\\\/#primaryimage\",\"url\":\"https:\\\/\\\/mercycenterbronx.org\\\/wp-content\\\/uploads\\\/2025\\\/05\\\/Screenshot-2025-05-29-143036-e1749130957681.png\",\"contentUrl\":\"https:\\\/\\\/mercycenterbronx.org\\\/wp-content\\\/uploads\\\/2025\\\/05\\\/Screenshot-2025-05-29-143036-e1749130957681.png\",\"width\":1600,\"height\":608},{\"@type\":\"BreadcrumbList\",\"@id\":\"https:\\\/\\\/mercycenterbronx.org\\\/fr\\\/ce-que-nous-faisons\\\/education-des-adultes-et-developpement-de-la-main-doeuvre\\\/#breadcrumb\",\"itemListElement\":[{\"@type\":\"ListItem\",\"position\":1,\"name\":\"Decouvrir\",\"item\":\"https:\\\/\\\/mercycenterbronx.org\\\/fr\\\/\"},{\"@type\":\"ListItem\",\"position\":2,\"name\":\"Ce que nous faisons\",\"item\":\"https:\\\/\\\/mercycenterbronx.org\\\/fr\\\/ce-que-nous-faisons\\\/\"},{\"@type\":\"ListItem\",\"position\":3,\"name\":\"\u00c9ducation des adultes et d\u00e9veloppement de la main-d&#8217;\u0153uvre\"}]},{\"@type\":\"WebSite\",\"@id\":\"https:\\\/\\\/mercycenterbronx.org\\\/fr\\\/#website\",\"url\":\"https:\\\/\\\/mercycenterbronx.org\\\/fr\\\/\",\"name\":\"Mercy Center\",\"description\":\"\",\"publisher\":{\"@id\":\"https:\\\/\\\/mercycenterbronx.org\\\/fr\\\/#organization\"},\"potentialAction\":[{\"@type\":\"SearchAction\",\"target\":{\"@type\":\"EntryPoint\",\"urlTemplate\":\"https:\\\/\\\/mercycenterbronx.org\\\/fr\\\/?s={search_term_string}\"},\"query-input\":{\"@type\":\"PropertyValueSpecification\",\"valueRequired\":true,\"valueName\":\"search_term_string\"}}],\"inLanguage\":\"fr-FR\"},{\"@type\":\"Organization\",\"@id\":\"https:\\\/\\\/mercycenterbronx.org\\\/fr\\\/#organization\",\"name\":\"Mercy Center\",\"url\":\"https:\\\/\\\/mercycenterbronx.org\\\/fr\\\/\",\"logo\":{\"@type\":\"ImageObject\",\"inLanguage\":\"fr-FR\",\"@id\":\"https:\\\/\\\/mercycenterbronx.org\\\/fr\\\/#\\\/schema\\\/logo\\\/image\\\/\",\"url\":\"https:\\\/\\\/mercycenterbronx.org\\\/wp-content\\\/uploads\\\/2022\\\/12\\\/logo.png\",\"contentUrl\":\"https:\\\/\\\/mercycenterbronx.org\\\/wp-content\\\/uploads\\\/2022\\\/12\\\/logo.png\",\"width\":250,\"height\":104,\"caption\":\"Mercy Center\"},\"image\":{\"@id\":\"https:\\\/\\\/mercycenterbronx.org\\\/fr\\\/#\\\/schema\\\/logo\\\/image\\\/\"},\"sameAs\":[\"https:\\\/\\\/www.facebook.com\\\/MercyCenterBronx\\\/\",\"https:\\\/\\\/x.com\\\/MercyCenterBrnx\",\"https:\\\/\\\/www.instagram.com\\\/mercy_center_bronx\\\/\"]}]}<\/script>\n<!-- \/ Yoast SEO plugin. -->","yoast_head_json":{"title":"\u00c9ducation des adultes et d\u00e9veloppement de la main-d'\u0153uvre - Mercy Center","robots":{"index":"index","follow":"follow","max-snippet":"max-snippet:-1","max-image-preview":"max-image-preview:large","max-video-preview":"max-video-preview:-1"},"canonical":"https:\/\/mercycenterbronx.org\/fr\/ce-que-nous-faisons\/education-des-adultes-et-developpement-de-la-main-doeuvre\/","og_locale":"fr_FR","og_type":"article","og_title":"\u00c9ducation des adultes et d\u00e9veloppement de la main-d'\u0153uvre - Mercy Center","og_url":"https:\/\/mercycenterbronx.org\/fr\/ce-que-nous-faisons\/education-des-adultes-et-developpement-de-la-main-doeuvre\/","og_site_name":"Mercy Center","article_publisher":"https:\/\/www.facebook.com\/MercyCenterBronx\/","article_modified_time":"2025-06-05T13:44:29+00:00","og_image":[{"width":1601,"height":905,"url":"https:\/\/mercycenterbronx.org\/wp-content\/uploads\/2025\/05\/Screenshot-2025-05-29-143036-e1749130957681.png","type":"image\/png"}],"twitter_card":"summary_large_image","twitter_site":"@MercyCenterBrnx","twitter_misc":{"Dur\u00e9e de lecture estim\u00e9e":"1 minute"},"schema":{"@context":"https:\/\/schema.org","@graph":[{"@type":"WebPage","@id":"https:\/\/mercycenterbronx.org\/fr\/ce-que-nous-faisons\/education-des-adultes-et-developpement-de-la-main-doeuvre\/","url":"https:\/\/mercycenterbronx.org\/fr\/ce-que-nous-faisons\/education-des-adultes-et-developpement-de-la-main-doeuvre\/","name":"\u00c9ducation des adultes et d\u00e9veloppement de la main-d'\u0153uvre - Mercy Center","isPartOf":{"@id":"https:\/\/mercycenterbronx.org\/fr\/#website"},"primaryImageOfPage":{"@id":"https:\/\/mercycenterbronx.org\/fr\/ce-que-nous-faisons\/education-des-adultes-et-developpement-de-la-main-doeuvre\/#primaryimage"},"image":{"@id":"https:\/\/mercycenterbronx.org\/fr\/ce-que-nous-faisons\/education-des-adultes-et-developpement-de-la-main-doeuvre\/#primaryimage"},"thumbnailUrl":"https:\/\/mercycenterbronx.org\/wp-content\/uploads\/2025\/05\/Screenshot-2025-05-29-143036-e1749130957681.png","datePublished":"2023-01-24T14:15:44+00:00","dateModified":"2025-06-05T13:44:29+00:00","breadcrumb":{"@id":"https:\/\/mercycenterbronx.org\/fr\/ce-que-nous-faisons\/education-des-adultes-et-developpement-de-la-main-doeuvre\/#breadcrumb"},"inLanguage":"fr-FR","potentialAction":[{"@type":"ReadAction","target":["https:\/\/mercycenterbronx.org\/fr\/ce-que-nous-faisons\/education-des-adultes-et-developpement-de-la-main-doeuvre\/"]}]},{"@type":"ImageObject","inLanguage":"fr-FR","@id":"https:\/\/mercycenterbronx.org\/fr\/ce-que-nous-faisons\/education-des-adultes-et-developpement-de-la-main-doeuvre\/#primaryimage","url":"https:\/\/mercycenterbronx.org\/wp-content\/uploads\/2025\/05\/Screenshot-2025-05-29-143036-e1749130957681.png","contentUrl":"https:\/\/mercycenterbronx.org\/wp-content\/uploads\/2025\/05\/Screenshot-2025-05-29-143036-e1749130957681.png","width":1600,"height":608},{"@type":"BreadcrumbList","@id":"https:\/\/mercycenterbronx.org\/fr\/ce-que-nous-faisons\/education-des-adultes-et-developpement-de-la-main-doeuvre\/#breadcrumb","itemListElement":[{"@type":"ListItem","position":1,"name":"Decouvrir","item":"https:\/\/mercycenterbronx.org\/fr\/"},{"@type":"ListItem","position":2,"name":"Ce que nous faisons","item":"https:\/\/mercycenterbronx.org\/fr\/ce-que-nous-faisons\/"},{"@type":"ListItem","position":3,"name":"\u00c9ducation des adultes et d\u00e9veloppement de la main-d&#8217;\u0153uvre"}]},{"@type":"WebSite","@id":"https:\/\/mercycenterbronx.org\/fr\/#website","url":"https:\/\/mercycenterbronx.org\/fr\/","name":"Mercy Center","description":"","publisher":{"@id":"https:\/\/mercycenterbronx.org\/fr\/#organization"},"potentialAction":[{"@type":"SearchAction","target":{"@type":"EntryPoint","urlTemplate":"https:\/\/mercycenterbronx.org\/fr\/?s={search_term_string}"},"query-input":{"@type":"PropertyValueSpecification","valueRequired":true,"valueName":"search_term_string"}}],"inLanguage":"fr-FR"},{"@type":"Organization","@id":"https:\/\/mercycenterbronx.org\/fr\/#organization","name":"Mercy Center","url":"https:\/\/mercycenterbronx.org\/fr\/","logo":{"@type":"ImageObject","inLanguage":"fr-FR","@id":"https:\/\/mercycenterbronx.org\/fr\/#\/schema\/logo\/image\/","url":"https:\/\/mercycenterbronx.org\/wp-content\/uploads\/2022\/12\/logo.png","contentUrl":"https:\/\/mercycenterbronx.org\/wp-content\/uploads\/2022\/12\/logo.png","width":250,"height":104,"caption":"Mercy Center"},"image":{"@id":"https:\/\/mercycenterbronx.org\/fr\/#\/schema\/logo\/image\/"},"sameAs":["https:\/\/www.facebook.com\/MercyCenterBronx\/","https:\/\/x.com\/MercyCenterBrnx","https:\/\/www.instagram.com\/mercy_center_bronx\/"]}]}},"uagb_featured_image_src":{"full":["https:\/\/mercycenterbronx.org\/wp-content\/uploads\/2025\/05\/Screenshot-2025-05-29-143036-e1749130957681.png",1600,608,false],"thumbnail":["https:\/\/mercycenterbronx.org\/wp-content\/uploads\/2025\/05\/Screenshot-2025-05-29-143036-e1749130957681.png",150,57,false],"medium":["https:\/\/mercycenterbronx.org\/wp-content\/uploads\/2025\/05\/Screenshot-2025-05-29-143036-e1749130957681.png",300,114,false],"medium_large":["https:\/\/mercycenterbronx.org\/wp-content\/uploads\/2025\/05\/Screenshot-2025-05-29-143036-e1749130957681.png",768,292,false],"large":["https:\/\/mercycenterbronx.org\/wp-content\/uploads\/2025\/05\/Screenshot-2025-05-29-143036-e1749130957681.png",1024,389,false],"1536x1536":["https:\/\/mercycenterbronx.org\/wp-content\/uploads\/2025\/05\/Screenshot-2025-05-29-143036-e1749130957681.png",1536,584,false],"2048x2048":["https:\/\/mercycenterbronx.org\/wp-content\/uploads\/2025\/05\/Screenshot-2025-05-29-143036-e1749130957681.png",1600,608,false],"homepage-slide":["https:\/\/mercycenterbronx.org\/wp-content\/uploads\/2025\/05\/Screenshot-2025-05-29-143036-e1749130957681.png",1600,608,false],"homepage-featured-post":["https:\/\/mercycenterbronx.org\/wp-content\/uploads\/2025\/05\/Screenshot-2025-05-29-143036-e1749130957681.png",688,261,false],"produkte-image":["https:\/\/mercycenterbronx.org\/wp-content\/uploads\/2025\/05\/Screenshot-2025-05-29-143036-e1749130957681.png",335,127,false],"post-thumbnail":["https:\/\/mercycenterbronx.org\/wp-content\/uploads\/2025\/05\/Screenshot-2025-05-29-143036-e1749130957681.png",1250,475,false],"woocommerce_thumbnail":["https:\/\/mercycenterbronx.org\/wp-content\/uploads\/2025\/05\/Screenshot-2025-05-29-143036-e1749130957681-300x300.png",300,300,true],"woocommerce_single":["https:\/\/mercycenterbronx.org\/wp-content\/uploads\/2025\/05\/Screenshot-2025-05-29-143036-e1749130957681-600x228.png",600,228,true],"woocommerce_gallery_thumbnail":["https:\/\/mercycenterbronx.org\/wp-content\/uploads\/2025\/05\/Screenshot-2025-05-29-143036-e1749130957681-100x100.png",100,100,true]},"uagb_author_info":{"display_name":"mercycenter","author_link":"https:\/\/mercycenterbronx.org\/fr\/author\/mercycenter\/"},"uagb_comment_info":0,"uagb_excerpt":null,"_links":{"self":[{"href":"https:\/\/mercycenterbronx.org\/fr\/wp-json\/wp\/v2\/pages\/1030","targetHints":{"allow":["GET"]}}],"collection":[{"href":"https:\/\/mercycenterbronx.org\/fr\/wp-json\/wp\/v2\/pages"}],"about":[{"href":"https:\/\/mercycenterbronx.org\/fr\/wp-json\/wp\/v2\/types\/page"}],"author":[{"embeddable":true,"href":"https:\/\/mercycenterbronx.org\/fr\/wp-json\/wp\/v2\/users\/1"}],"replies":[{"embeddable":true,"href":"https:\/\/mercycenterbronx.org\/fr\/wp-json\/wp\/v2\/comments?post=1030"}],"version-history":[{"count":0,"href":"https:\/\/mercycenterbronx.org\/fr\/wp-json\/wp\/v2\/pages\/1030\/revisions"}],"up":[{"embeddable":true,"href":"https:\/\/mercycenterbronx.org\/fr\/wp-json\/wp\/v2\/pages\/993"}],"wp:featuredmedia":[{"embeddable":true,"href":"https:\/\/mercycenterbronx.org\/fr\/wp-json\/wp\/v2\/media\/2691"}],"wp:attachment":[{"href":"https:\/\/mercycenterbronx.org\/fr\/wp-json\/wp\/v2\/media?parent=1030"}],"curies":[{"name":"wp","href":"https:\/\/api.w.org\/{rel}","templated":true}]}}